{"id":203,"date":"2024-11-19T04:27:32","date_gmt":"2024-11-19T04:27:32","guid":{"rendered":"https:\/\/nandez.com.do\/?page_id=203"},"modified":"2025-02-14T00:20:18","modified_gmt":"2025-02-14T00:20:18","slug":"sobre-nosotros","status":"publish","type":"page","link":"https:\/\/nandez.com.do\/?page_id=203","title":{"rendered":"Sobre Nosotros"},"content":{"rendered":"\t\t<div data-elementor-type=\"wp-page\" data-elementor-id=\"203\" class=\"elementor elementor-203\" data-elementor-post-type=\"page\">\n\t\t\t\t<div class=\"elementor-element elementor-element-359648b e-flex e-con-boxed e-con e-parent\" data-id=\"359648b\" data-element_type=\"container\" data-settings=\"{&quot;background_background&quot;:&quot;classic&quot;}\">\n\t\t\t\t\t<div class=\"e-con-inner\">\n\t\t\t\t<div class=\"elementor-element elementor-element-64f83c2 elementor-widget elementor-widget-heading\" data-id=\"64f83c2\" data-element_type=\"widget\" data-widget_type=\"heading.default\">\n\t\t\t\t<div class=\"elementor-widget-container\">\n\t\t\t<h2 class=\"elementor-heading-title elementor-size-default\">Sobre Nosotros<\/h2>\t\t<\/div>\n\t\t\t\t<\/div>\n\t\t\t\t<div class=\"elementor-element elementor-element-71e25fc elementor-widget-divider--view-line elementor-widget elementor-widget-divider\" data-id=\"71e25fc\" data-element_type=\"widget\" data-widget_type=\"divider.default\">\n\t\t\t\t<div class=\"elementor-widget-container\">\n\t\t\t\t\t<div class=\"elementor-divider\">\n\t\t\t<span class=\"elementor-divider-separator\">\n\t\t\t\t\t\t<\/span>\n\t\t<\/div>\n\t\t\t\t<\/div>\n\t\t\t\t<\/div>\n\t\t\t\t<div class=\"elementor-element elementor-element-dd5fbde elementor-icon-list--layout-inline elementor-list-item-link-full_width elementor-widget elementor-widget-icon-list\" data-id=\"dd5fbde\" data-element_type=\"widget\" data-widget_type=\"icon-list.default\">\n\t\t\t\t<div class=\"elementor-widget-container\">\n\t\t\t\t\t<ul class=\"elementor-icon-list-items elementor-inline-items\">\n\t\t\t\t\t\t\t<li class=\"elementor-icon-list-item elementor-inline-item\">\n\t\t\t\t\t\t\t\t\t\t\t<a href=\"https:\/\/nandez.com.do\">\n\n\t\t\t\t\t\t\t\t\t\t\t<span class=\"elementor-icon-list-text\">Home<\/span>\n\t\t\t\t\t\t\t\t\t\t\t<\/a>\n\t\t\t\t\t\t\t\t\t<\/li>\n\t\t\t\t\t\t\t\t<li class=\"elementor-icon-list-item elementor-inline-item\">\n\t\t\t\t\t\t\t\t\t\t\t<a href=\"https:\/\/nandez.com.do\/?page_id=203\">\n\n\t\t\t\t\t\t\t\t\t\t\t\t<span class=\"elementor-icon-list-icon\">\n\t\t\t\t\t\t\t<svg aria-hidden=\"true\" class=\"e-font-icon-svg e-fas-chevron-right\" viewBox=\"0 0 320 512\" xmlns=\"http:\/\/www.w3.org\/2000\/svg\"><path d=\"M285.476 272.971L91.132 467.314c-9.373 9.373-24.569 9.373-33.941 0l-22.667-22.667c-9.357-9.357-9.375-24.522-.04-33.901L188.505 256 34.484 101.255c-9.335-9.379-9.317-24.544.04-33.901l22.667-22.667c9.373-9.373 24.569-9.373 33.941 0L285.475 239.03c9.373 9.372 9.373 24.568.001 33.941z\"><\/path><\/svg>\t\t\t\t\t\t<\/span>\n\t\t\t\t\t\t\t\t\t\t<span class=\"elementor-icon-list-text\">Sobre Nosotros<\/span>\n\t\t\t\t\t\t\t\t\t\t\t<\/a>\n\t\t\t\t\t\t\t\t\t<\/li>\n\t\t\t\t\t\t<\/ul>\n\t\t\t\t<\/div>\n\t\t\t\t<\/div>\n\t\t\t\t\t<\/div>\n\t\t\t\t<\/div>\n\t\t<div class=\"elementor-element elementor-element-0db8bce e-flex e-con-boxed e-con e-parent\" data-id=\"0db8bce\" data-element_type=\"container\" data-settings=\"{&quot;background_background&quot;:&quot;classic&quot;}\">\n\t\t\t\t\t<div class=\"e-con-inner\">\n\t\t<div class=\"elementor-element elementor-element-d9cab85 e-con-full e-flex e-con e-child\" data-id=\"d9cab85\" data-element_type=\"container\">\n\t\t\t\t<div class=\"elementor-element elementor-element-55ecb2d elementor-widget elementor-widget-text-editor\" data-id=\"55ecb2d\" data-element_type=\"widget\" data-widget_type=\"text-editor.default\">\n\t\t\t\t<div class=\"elementor-widget-container\">\n\t\t\t\t\t\t\t<p>En Constructora N\u00e1ndez, nos mueve la pasi\u00f3n por la construcci\u00f3n y el deseo de transformar espacios en oportunidades de crecimiento. Fundada en el a\u00f1o 2021, la empresa naci\u00f3 como el resultado del esp\u00edritu emprendedor y una visi\u00f3n clara de nuestro Gerente General Jos\u00e9 Gabriel Garc\u00eda Fern\u00e1ndez: aportar al desarrollo de infraestructuras que impacten positivamente a nuestra comunidad.<\/p><p>Nuestros primeros proyectos marcaron el inicio de este camino: la remodelaci\u00f3n de 10 escuelas p\u00fablicas, donde contribuimos a mejorar entornos educativos, y la construcci\u00f3n de una edificaci\u00f3n municipal en Constanza, un proyecto clave para el desarrollo local. Estas experiencias consolidaron nuestro compromiso con la excelencia, la eficiencia y la calidad en cada detalle.<\/p><p>Hoy, hemos decidido dar un paso m\u00e1s all\u00e1, explorando el apasionante mundo del desarrollo inmobiliario. Nuestro enfoque es crear espacios modernos, funcionales y sostenibles que se adapten a las necesidades de las personas y las comunidades. Cada proyecto que emprendemos refleja nuestros valores: integridad, innovaci\u00f3n y una b\u00fasqueda constante de la perfecci\u00f3n.<\/p><p>En Constructora N\u00e1ndez, no solo construimos estructuras; construimos sue\u00f1os, historias y futuros. Te invitamos a ser parte de esta visi\u00f3n.<\/p>\t\t\t\t\t\t<\/div>\n\t\t\t\t<\/div>\n\t\t\t\t<\/div>\n\t\t\t\t\t<\/div>\n\t\t\t\t<\/div>\n\t\t<div class=\"elementor-element elementor-element-c4757ab e-flex e-con-boxed e-con e-parent\" data-id=\"c4757ab\" data-element_type=\"container\" data-settings=\"{&quot;background_background&quot;:&quot;classic&quot;}\">\n\t\t\t\t\t<div class=\"e-con-inner\">\n\t\t<div class=\"elementor-element elementor-element-4ded1dd e-con-full e-flex e-con e-child\" data-id=\"4ded1dd\" data-element_type=\"container\">\n\t\t\t\t<div class=\"elementor-element elementor-element-712b527 elementor-widget elementor-widget-heading\" data-id=\"712b527\" data-element_type=\"widget\" data-widget_type=\"heading.default\">\n\t\t\t\t<div class=\"elementor-widget-container\">\n\t\t\t<h2 class=\"elementor-heading-title elementor-size-default\">Nuestra Misi\u00f3n<\/h2>\t\t<\/div>\n\t\t\t\t<\/div>\n\t\t\t\t<div class=\"elementor-element elementor-element-555ba71 elementor-widget elementor-widget-text-editor\" data-id=\"555ba71\" data-element_type=\"widget\" data-widget_type=\"text-editor.default\">\n\t\t\t\t<div class=\"elementor-widget-container\">\n\t\t\t\t\t\t\t<p>Brindar soluciones de construcci\u00f3n y remodelaci\u00f3n de alta calidad que superen las expectativas de nuestros clientes, mediante la innovaci\u00f3n, la eficiencia y un compromiso inquebrantable con la excelencia.<\/p>\t\t\t\t\t\t<\/div>\n\t\t\t\t<\/div>\n\t\t\t\t<\/div>\n\t\t<div class=\"elementor-element elementor-element-1a4ea27 e-con-full e-flex e-con e-child\" data-id=\"1a4ea27\" data-element_type=\"container\">\n\t\t\t\t<div class=\"elementor-element elementor-element-7a75040 elementor-widget elementor-widget-heading\" data-id=\"7a75040\" data-element_type=\"widget\" data-widget_type=\"heading.default\">\n\t\t\t\t<div class=\"elementor-widget-container\">\n\t\t\t<h2 class=\"elementor-heading-title elementor-size-default\">Nuestra Visi\u00f3n<\/h2>\t\t<\/div>\n\t\t\t\t<\/div>\n\t\t\t\t<div class=\"elementor-element elementor-element-aeb1f59 elementor-widget elementor-widget-text-editor\" data-id=\"aeb1f59\" data-element_type=\"widget\" data-widget_type=\"text-editor.default\">\n\t\t\t\t<div class=\"elementor-widget-container\">\n\t\t\t\t\t\t\t<p>Ser reconocidos como una empresa de referencia en el sector de la construcci\u00f3n, destac\u00e1ndonos por nuestra profesionalidad, responsabilidad y aportaci\u00f3n al crecimiento sostenible de la Rep\u00fablica Dominicana.<\/p>\t\t\t\t\t\t<\/div>\n\t\t\t\t<\/div>\n\t\t\t\t<\/div>\n\t\t<div class=\"elementor-element elementor-element-024d3a5 e-con-full e-flex e-con e-child\" data-id=\"024d3a5\" data-element_type=\"container\">\n\t\t\t\t<div class=\"elementor-element elementor-element-98f48e8 elementor-widget elementor-widget-heading\" data-id=\"98f48e8\" data-element_type=\"widget\" data-widget_type=\"heading.default\">\n\t\t\t\t<div class=\"elementor-widget-container\">\n\t\t\t<h2 class=\"elementor-heading-title elementor-size-default\">Nuestros Valores<\/h2>\t\t<\/div>\n\t\t\t\t<\/div>\n\t\t\t\t<div class=\"elementor-element elementor-element-43f0f7b elementor-widget elementor-widget-text-editor\" data-id=\"43f0f7b\" data-element_type=\"widget\" data-widget_type=\"text-editor.default\">\n\t\t\t\t<div class=\"elementor-widget-container\">\n\t\t\t\t\t\t\t<ul><li>Calidad: Nos esforzamos por ofrecer resultados que reflejen los m\u00e1s altos est\u00e1ndares de la industria.<\/li><li>Integridad: Actuamos con honestidad y transparencia en todas nuestras operaciones.<\/li><li>Compromiso: Estamos dedicados al \u00e9xito de nuestros clientes y al progreso de nuestra comunidad.<\/li><li>Innovaci\u00f3n: Implementamos soluciones creativas y eficientes en cada proyecto.<\/li><\/ul>\t\t\t\t\t\t<\/div>\n\t\t\t\t<\/div>\n\t\t\t\t<\/div>\n\t\t\t\t\t<\/div>\n\t\t\t\t<\/div>\n\t\t<div class=\"elementor-element elementor-element-95aeb5a e-flex e-con-boxed e-con e-parent\" data-id=\"95aeb5a\" data-element_type=\"container\" data-settings=\"{&quot;background_background&quot;:&quot;classic&quot;}\">\n\t\t\t\t\t<div class=\"e-con-inner\">\n\t\t<div class=\"elementor-element elementor-element-34f3a90 e-con-full e-flex e-con e-child\" data-id=\"34f3a90\" data-element_type=\"container\" data-settings=\"{&quot;background_background&quot;:&quot;classic&quot;}\">\n\t\t\t\t<div class=\"elementor-element elementor-element-4dfdc8d elementor-widget elementor-widget-image\" data-id=\"4dfdc8d\" data-element_type=\"widget\" data-widget_type=\"image.default\">\n\t\t\t\t<div class=\"elementor-widget-container\">\n\t\t\t\t\t\t\t\t\t\t\t\t\t<img fetchpriority=\"high\" decoding=\"async\" width=\"2560\" height=\"1707\" src=\"https:\/\/nandez.com.do\/wp-content\/uploads\/2025\/02\/DSD_6614-scaled.jpg\" class=\"attachment-full size-full wp-image-1084\" alt=\"\" srcset=\"https:\/\/nandez.com.do\/wp-content\/uploads\/2025\/02\/DSD_6614-scaled.jpg 2560w, https:\/\/nandez.com.do\/wp-content\/uploads\/2025\/02\/DSD_6614-300x200.jpg 300w, https:\/\/nandez.com.do\/wp-content\/uploads\/2025\/02\/DSD_6614-1024x683.jpg 1024w, https:\/\/nandez.com.do\/wp-content\/uploads\/2025\/02\/DSD_6614-768x512.jpg 768w, https:\/\/nandez.com.do\/wp-content\/uploads\/2025\/02\/DSD_6614-1536x1024.jpg 1536w, https:\/\/nandez.com.do\/wp-content\/uploads\/2025\/02\/DSD_6614-2048x1365.jpg 2048w\" sizes=\"(max-width: 2560px) 100vw, 2560px\" \/>\t\t\t\t\t\t\t\t\t\t\t\t\t<\/div>\n\t\t\t\t<\/div>\n\t\t\t\t<div class=\"elementor-element elementor-element-3cd4588 elementor-shape-circle elementor-grid-0 e-grid-align-center elementor-widget elementor-widget-social-icons\" data-id=\"3cd4588\" data-element_type=\"widget\" data-widget_type=\"social-icons.default\">\n\t\t\t\t<div class=\"elementor-widget-container\">\n\t\t\t\t\t<div class=\"elementor-social-icons-wrapper elementor-grid\">\n\t\t\t\t\t\t\t<span class=\"elementor-grid-item\">\n\t\t\t\t\t<a class=\"elementor-icon elementor-social-icon elementor-social-icon-facebook elementor-animation-grow elementor-repeater-item-cd0a1c0\" href=\"http:\/\/www.facebook.com\" target=\"_blank\">\n\t\t\t\t\t\t<span class=\"elementor-screen-only\">Facebook<\/span>\n\t\t\t\t\t\t<svg class=\"e-font-icon-svg e-fab-facebook\" viewBox=\"0 0 512 512\" xmlns=\"http:\/\/www.w3.org\/2000\/svg\"><path d=\"M504 256C504 119 393 8 256 8S8 119 8 256c0 123.78 90.69 226.38 209.25 245V327.69h-63V256h63v-54.64c0-62.15 37-96.48 93.67-96.48 27.14 0 55.52 4.84 55.52 4.84v61h-31.28c-30.8 0-40.41 19.12-40.41 38.73V256h68.78l-11 71.69h-57.78V501C413.31 482.38 504 379.78 504 256z\"><\/path><\/svg>\t\t\t\t\t<\/a>\n\t\t\t\t<\/span>\n\t\t\t\t\t<\/div>\n\t\t\t\t<\/div>\n\t\t\t\t<\/div>\n\t\t\t\t<div class=\"elementor-element elementor-element-350bde8 elementor-widget elementor-widget-heading\" data-id=\"350bde8\" data-element_type=\"widget\" data-widget_type=\"heading.default\">\n\t\t\t\t<div class=\"elementor-widget-container\">\n\t\t\t<h2 class=\"elementor-heading-title elementor-size-default\">Jos\u00e9 Gabriel Garc\u00eda Fern\u00e1ndez<\/h2>\t\t<\/div>\n\t\t\t\t<\/div>\n\t\t\t\t<div class=\"elementor-element elementor-element-7a3432e elementor-widget elementor-widget-text-editor\" data-id=\"7a3432e\" data-element_type=\"widget\" data-widget_type=\"text-editor.default\">\n\t\t\t\t<div class=\"elementor-widget-container\">\n\t\t\t\t\t\t\t<p>Gerente General<\/p>\t\t\t\t\t\t<\/div>\n\t\t\t\t<\/div>\n\t\t\t\t<\/div>\n\t\t\t\t\t<\/div>\n\t\t\t\t<\/div>\n\t\t<div class=\"elementor-element elementor-element-fc77e81 e-flex e-con-boxed e-con e-parent\" data-id=\"fc77e81\" data-element_type=\"container\">\n\t\t\t\t\t<div class=\"e-con-inner\">\n\t\t\t\t\t<\/div>\n\t\t\t\t<\/div>\n\t\t\t\t<\/div>\n\t\t","protected":false},"excerpt":{"rendered":"<p>Home En Constructora N\u00e1ndez, nos mueve la pasi\u00f3n por la construcci\u00f3n y el deseo de transformar espacios en oportunidades de crecimiento. Fundada en el a\u00f1o 2021, la empresa naci\u00f3 como el resultado del esp\u00edritu emprendedor y una visi\u00f3n clara de nuestro Gerente General Jos\u00e9 Gabriel Garc\u00eda Fern\u00e1ndez: aportar al desarrollo de infraestructuras que impacten positivamente [&hellip;]<\/p>\n","protected":false},"author":1,"featured_media":0,"parent":0,"menu_order":0,"comment_status":"closed","ping_status":"closed","template":"","meta":{"site-sidebar-layout":"no-sidebar","site-content-layout":"page-builder","ast-site-content-layout":"full-width-container","site-content-style":"default","site-sidebar-style":"default","ast-global-header-display":"","ast-banner-title-visibility":"","ast-main-header-display":"","ast-hfb-above-header-display":"","ast-hfb-below-header-display":"","ast-hfb-mobile-header-display":"","site-post-title":"disabled","ast-breadcrumbs-content":"","ast-featured-img":"disabled","footer-sml-layout":"","theme-transparent-header-meta":"","adv-header-id-meta":"","stick-header-meta":"","header-above-stick-meta":"","header-main-stick-meta":"","header-below-stick-meta":"","astra-migrate-meta-layouts":"set","ast-page-background-enabled":"default","ast-page-background-meta":{"desktop":{"background-color":"var(--ast-global-color-4)","background-image":"","background-repeat":"repeat","background-position":"center center","background-size":"auto","background-attachment":"scroll","background-type":"","background-media":"","overlay-type":"","overlay-color":"","overlay-opacity":"","overlay-gradient":""},"tablet":{"background-color":"","background-image":"","background-repeat":"repeat","background-position":"center center","background-size":"auto","background-attachment":"scroll","background-type":"","background-media":"","overlay-type":"","overlay-color":"","overlay-opacity":"","overlay-gradient":""},"mobile":{"background-color":"","background-image":"","background-repeat":"repeat","background-position":"center center","background-size":"auto","background-attachment":"scroll","background-type":"","background-media":"","overlay-type":"","overlay-color":"","overlay-opacity":"","overlay-gradient":""}},"ast-content-background-meta":{"desktop":{"background-color":"var(--ast-global-color-5)","background-image":"","background-repeat":"repeat","background-position":"center center","background-size":"auto","background-attachment":"scroll","background-type":"","background-media":"","overlay-type":"","overlay-color":"","overlay-opacity":"","overlay-gradient":""},"tablet":{"background-color":"var(--ast-global-color-5)","background-image":"","background-repeat":"repeat","background-position":"center center","background-size":"auto","background-attachment":"scroll","background-type":"","background-media":"","overlay-type":"","overlay-color":"","overlay-opacity":"","overlay-gradient":""},"mobile":{"background-color":"var(--ast-global-color-5)","background-image":"","background-repeat":"repeat","background-position":"center center","background-size":"auto","background-attachment":"scroll","background-type":"","background-media":"","overlay-type":"","overlay-color":"","overlay-opacity":"","overlay-gradient":""}},"footnotes":""},"class_list":["post-203","page","type-page","status-publish","hentry"],"_links":{"self":[{"href":"https:\/\/nandez.com.do\/index.php?rest_route=\/wp\/v2\/pages\/203","targetHints":{"allow":["GET"]}}],"collection":[{"href":"https:\/\/nandez.com.do\/index.php?rest_route=\/wp\/v2\/pages"}],"about":[{"href":"https:\/\/nandez.com.do\/index.php?rest_route=\/wp\/v2\/types\/page"}],"author":[{"embeddable":true,"href":"https:\/\/nandez.com.do\/index.php?rest_route=\/wp\/v2\/users\/1"}],"replies":[{"embeddable":true,"href":"https:\/\/nandez.com.do\/index.php?rest_route=%2Fwp%2Fv2%2Fcomments&post=203"}],"version-history":[{"count":152,"href":"https:\/\/nandez.com.do\/index.php?rest_route=\/wp\/v2\/pages\/203\/revisions"}],"predecessor-version":[{"id":1087,"href":"https:\/\/nandez.com.do\/index.php?rest_route=\/wp\/v2\/pages\/203\/revisions\/1087"}],"wp:attachment":[{"href":"https:\/\/nandez.com.do\/index.php?rest_route=%2Fwp%2Fv2%2Fmedia&parent=203"}],"curies":[{"name":"wp","href":"https:\/\/api.w.org\/{rel}","templated":true}]}}